{"id":11,"date":"2021-11-10T16:34:37","date_gmt":"2021-11-10T16:34:37","guid":{"rendered":"https:\/\/likesys.eu\/?page_id=11"},"modified":"2022-04-28T16:14:06","modified_gmt":"2022-04-28T16:14:06","slug":"das-neue-museum-oeffnet-seine-tueren-2","status":"publish","type":"page","link":"https:\/\/likesys.eu\/","title":{"rendered":"There is nothing LikeSyS"},"content":{"rendered":"\n<div class=\"wp-block-group alignwide\"><div class=\"wp-block-group__inner-container is-layout-flow wp-block-group-is-layout-flow\">\n<h3 class=\"has-text-align-center wp-block-heading\">Unternehmenssoftware<\/h3>\n<\/div><\/div>\n\n\n\n<div class=\"wp-block-group alignfull has-background-color has-text-color has-background\" style=\"background-color:#ffffff\"><div class=\"wp-block-group__inner-container is-layout-flow wp-block-group-is-layout-flow\">\n<p class=\"has-background-color has-text-color\"><strong>Manufaktursoftware statt Massenware.<\/strong> So Individuell wie jedes Unternehmen so Angepasst sollte Unternehmenssoftware sein.<\/p>\n<\/div><\/div>\n\n\n\n<figure class=\"wp-block-image\"><img decoding=\"async\" src=\"https:\/\/likesys.eu\/wp-content\/uploads\/2022\/04\/Motor.png\" alt=\"Dieses Bild hat ein leeres Alt-Attribut. Der Dateiname ist Motor.png\"\/><\/figure>\n\n\n\n<div class=\"wp-block-group alignfull has-background-color has-text-color has-background\" style=\"background-color:#ffffff\"><div class=\"wp-block-group__inner-container is-layout-flow wp-block-group-is-layout-flow\">\n<p class=\"has-background-color has-text-color\">Die <strong>Anpassungsf\u00e4higkeit<\/strong> einer Software-L\u00f6sung spielt eine zentrale Rolle. Mit LikeSyS kann sich ein Unternehmen schnell und einfach an bereits vorhandenen, aber auch an sich stetig ver\u00e4ndernde Anforderungen anpassen.<\/p>\n\n\n\n<p class=\"has-background-color has-text-color\"><strong>Die Organisationsstrukturen k\u00f6nnen direkt im Produktivsystem aktualisiert werden.<\/strong> Das erm\u00f6glicht die Aktualit\u00e4t die ein Unternehmen zur Wettbewerbsf\u00e4higkeit ben\u00f6tigt. Alles ohne teure Releasewechsel.<\/p>\n<\/div><\/div>\n\n\n\n<figure class=\"wp-block-image size-large\" id=\"block-42c128f1-8a57-4f7a-91fd-dbbc05d4871f\"><img loading=\"lazy\" decoding=\"async\" width=\"1024\" height=\"677\" src=\"https:\/\/likesys.eu\/wp-content\/uploads\/2022\/04\/LikeSyS-Buecher-1024x677.png\" alt=\"\" class=\"wp-image-108\" srcset=\"https:\/\/likesys.eu\/wp-content\/uploads\/2022\/04\/LikeSyS-Buecher-1024x677.png 1024w, https:\/\/likesys.eu\/wp-content\/uploads\/2022\/04\/LikeSyS-Buecher-300x198.png 300w, https:\/\/likesys.eu\/wp-content\/uploads\/2022\/04\/LikeSyS-Buecher-768x508.png 768w, https:\/\/likesys.eu\/wp-content\/uploads\/2022\/04\/LikeSyS-Buecher-1200x793.png 1200w, https:\/\/likesys.eu\/wp-content\/uploads\/2022\/04\/LikeSyS-Buecher.png 1433w\" sizes=\"auto, (max-width: 1024px) 100vw, 1024px\" \/><\/figure>\n\n\n\n<div class=\"wp-block-group alignfull has-background\" style=\"background-color:#ffffff\"><div class=\"wp-block-group__inner-container is-layout-flow wp-block-group-is-layout-flow\">\n<p class=\"has-background-color has-accent-background-color has-text-color has-background\"><strong>LikeSyS baut auf einfache Ziele:<\/strong><\/p>\n\n\n\n<p class=\"has-accent-color has-background-background-color has-text-color has-background\"><strong>Einfachheit<\/strong><\/p>\n\n\n\n<p class=\"has-background-color has-primary-background-color has-text-color has-background\"><strong>Verl\u00e4sslichkeit<\/strong><\/p>\n\n\n\n<p class=\"has-accent-color has-background-background-color has-text-color has-background\"><strong>Flexibilit\u00e4t<\/strong><\/p>\n\n\n\n<p class=\"has-accent-color has-primary-background-color has-text-color has-background\"><strong>Individualit\u00e4t<\/strong><\/p>\n\n\n\n<p class=\"has-accent-color has-background-background-color has-text-color has-background\"><strong>Sicherheit<\/strong><\/p>\n<\/div><\/div>\n\n\n\n<figure class=\"wp-block-image size-large\" id=\"block-643fbb61-a9c8-4fbe-9437-c7e9971d7c53\"><img loading=\"lazy\" decoding=\"async\" width=\"1024\" height=\"681\" src=\"https:\/\/likesys.eu\/wp-content\/uploads\/2022\/04\/PICT8326-1024x681.jpg\" alt=\"\" class=\"wp-image-86\" srcset=\"https:\/\/likesys.eu\/wp-content\/uploads\/2022\/04\/PICT8326-1024x681.jpg 1024w, https:\/\/likesys.eu\/wp-content\/uploads\/2022\/04\/PICT8326-300x199.jpg 300w, https:\/\/likesys.eu\/wp-content\/uploads\/2022\/04\/PICT8326-768x511.jpg 768w, https:\/\/likesys.eu\/wp-content\/uploads\/2022\/04\/PICT8326-1536x1021.jpg 1536w, https:\/\/likesys.eu\/wp-content\/uploads\/2022\/04\/PICT8326-2048x1362.jpg 2048w, https:\/\/likesys.eu\/wp-content\/uploads\/2022\/04\/PICT8326-1200x798.jpg 1200w, https:\/\/likesys.eu\/wp-content\/uploads\/2022\/04\/PICT8326-1980x1316.jpg 1980w\" sizes=\"auto, (max-width: 1024px) 100vw, 1024px\" \/><\/figure>\n\n\n\n<div class=\"wp-block-group alignfull has-background\" style=\"background-color:#ffffff\"><div class=\"wp-block-group__inner-container is-layout-flow wp-block-group-is-layout-flow\">\n<p class=\"has-primary-color has-background-background-color has-text-color has-background\"><strong>Einkauf<\/strong>, Beschaffung, Logistik und Belegarchivierung<\/p>\n\n\n\n<p class=\"has-background-color has-primary-background-color has-text-color has-background\"><strong>Produktion, <\/strong>Lagerverwaltung<strong> <\/strong>und Projektmanagment<\/p>\n\n\n\n<p class=\"has-primary-color has-background-background-color has-text-color has-background\"><strong>Verkauf<\/strong>, Vertrieb, Versand und Facktorierung<\/p>\n\n\n\n<p class=\"has-primary-background-color has-background\"><strong>Zahlungsmanagment<\/strong><\/p>\n\n\n\n<p class=\"has-primary-color has-background-background-color has-text-color has-background\"><strong>Buchhaltung <\/strong>und Rechnungswesen<\/p>\n<\/div><\/div>\n\n\n\n<figure class=\"wp-block-image size-full is-style-rounded\"><img loading=\"lazy\" decoding=\"async\" width=\"900\" height=\"600\" src=\"https:\/\/likesys.eu\/wp-content\/uploads\/2022\/04\/likesys_bg01.jpg\" alt=\"\" class=\"wp-image-80\" srcset=\"https:\/\/likesys.eu\/wp-content\/uploads\/2022\/04\/likesys_bg01.jpg 900w, https:\/\/likesys.eu\/wp-content\/uploads\/2022\/04\/likesys_bg01-300x200.jpg 300w, https:\/\/likesys.eu\/wp-content\/uploads\/2022\/04\/likesys_bg01-768x512.jpg 768w\" sizes=\"auto, (max-width: 900px) 100vw, 900px\" \/><\/figure>\n\n\n\n<p>Auch bei individuellen Schnittstellen zwischen verschiedensten IT-Systemen stehen wir an Ihrer Seite. 25 Jahre Erfahrung.<\/p>\n","protected":false},"excerpt":{"rendered":"<p>Unternehmenssoftware Manufaktursoftware statt Massenware. So Individuell wie jedes Unternehmen so Angepasst sollte Unternehmenssoftware sein. Die Anpassungsf\u00e4higkeit einer Software-L\u00f6sung spielt eine zentrale Rolle. Mit LikeSyS kann sich ein Unternehmen schnell und einfach an bereits vorhandenen, aber auch an sich stetig ver\u00e4ndernde Anforderungen anpassen. Die Organisationsstrukturen k\u00f6nnen direkt im Produktivsystem aktualisiert werden. Das erm\u00f6glicht die Aktualit\u00e4t die [&hellip;]<\/p>\n","protected":false},"author":1,"featured_media":70,"parent":0,"menu_order":0,"comment_status":"closed","ping_status":"closed","template":"","meta":{"footnotes":""},"class_list":["post-11","page","type-page","status-publish","has-post-thumbnail","hentry"],"_links":{"self":[{"href":"https:\/\/likesys.eu\/index.php?rest_route=\/wp\/v2\/pages\/11","targetHints":{"allow":["GET"]}}],"collection":[{"href":"https:\/\/likesys.eu\/index.php?rest_route=\/wp\/v2\/pages"}],"about":[{"href":"https:\/\/likesys.eu\/index.php?rest_route=\/wp\/v2\/types\/page"}],"author":[{"embeddable":true,"href":"https:\/\/likesys.eu\/index.php?rest_route=\/wp\/v2\/users\/1"}],"replies":[{"embeddable":true,"href":"https:\/\/likesys.eu\/index.php?rest_route=%2Fwp%2Fv2%2Fcomments&post=11"}],"version-history":[{"count":25,"href":"https:\/\/likesys.eu\/index.php?rest_route=\/wp\/v2\/pages\/11\/revisions"}],"predecessor-version":[{"id":123,"href":"https:\/\/likesys.eu\/index.php?rest_route=\/wp\/v2\/pages\/11\/revisions\/123"}],"wp:featuredmedia":[{"embeddable":true,"href":"https:\/\/likesys.eu\/index.php?rest_route=\/wp\/v2\/media\/70"}],"wp:attachment":[{"href":"https:\/\/likesys.eu\/index.php?rest_route=%2Fwp%2Fv2%2Fmedia&parent=11"}],"curies":[{"name":"wp","href":"https:\/\/api.w.org\/{rel}","templated":true}]}}