{"id":6,"date":"2021-11-10T16:34:37","date_gmt":"2021-11-10T16:34:37","guid":{"rendered":"https:\/\/likesys.eu\/?page_id=6"},"modified":"2022-04-29T12:30:36","modified_gmt":"2022-04-29T12:30:36","slug":"ueber-uns","status":"publish","type":"page","link":"https:\/\/likesys.eu\/?page_id=6","title":{"rendered":"\u00dcber uns"},"content":{"rendered":"\n<p>Seit \u00fcber 25 Jahren entwickt unser Team individuelle Anwendungen f\u00fcr Unternehmen.<\/p>\n\n\n\n<p>LikeSyS Softwareprodukte und Dienstleistungen werden immer individuell, praxisorientiert und in enger Zusammenarbeit mit dem einzelnen Kunden entwickelt.<\/p>\n\n\n\n<p>Dies gew\u00e4hrleistet die Entwicklung anwendungsfreundlicher und praxisorientierter Produkte die in den Unternhemen zu effektiven Werkzeugen werden.<\/p>\n\n\n\n<p>Unser erkl\u00e4rtes Ziel ist es, eine optimale L\u00f6sung f\u00fcr unsre Kunden zu finden.<\/p>\n","protected":false},"excerpt":{"rendered":"<p>Seit \u00fcber 25 Jahren entwickt unser Team individuelle Anwendungen f\u00fcr Unternehmen. LikeSyS Softwareprodukte und Dienstleistungen werden immer individuell, praxisorientiert und in enger Zusammenarbeit mit dem einzelnen Kunden entwickelt. Dies gew\u00e4hrleistet die Entwicklung anwendungsfreundlicher und praxisorientierter Produkte die in den Unternhemen zu effektiven Werkzeugen werden. Unser erkl\u00e4rtes Ziel ist es, eine optimale L\u00f6sung f\u00fcr unsre Kunden [&hellip;]<\/p>\n","protected":false},"author":1,"featured_media":0,"parent":0,"menu_order":0,"comment_status":"closed","ping_status":"closed","template":"","meta":{"footnotes":""},"class_list":["post-6","page","type-page","status-publish","hentry"],"_links":{"self":[{"href":"https:\/\/likesys.eu\/index.php?rest_route=\/wp\/v2\/pages\/6","targetHints":{"allow":["GET"]}}],"collection":[{"href":"https:\/\/likesys.eu\/index.php?rest_route=\/wp\/v2\/pages"}],"about":[{"href":"https:\/\/likesys.eu\/index.php?rest_route=\/wp\/v2\/types\/page"}],"author":[{"embeddable":true,"href":"https:\/\/likesys.eu\/index.php?rest_route=\/wp\/v2\/users\/1"}],"replies":[{"embeddable":true,"href":"https:\/\/likesys.eu\/index.php?rest_route=%2Fwp%2Fv2%2Fcomments&post=6"}],"version-history":[{"count":3,"href":"https:\/\/likesys.eu\/index.php?rest_route=\/wp\/v2\/pages\/6\/revisions"}],"predecessor-version":[{"id":133,"href":"https:\/\/likesys.eu\/index.php?rest_route=\/wp\/v2\/pages\/6\/revisions\/133"}],"wp:attachment":[{"href":"https:\/\/likesys.eu\/index.php?rest_route=%2Fwp%2Fv2%2Fmedia&parent=6"}],"curies":[{"name":"wp","href":"https:\/\/api.w.org\/{rel}","templated":true}]}}